{"id":1359,"date":"2020-06-16T17:22:24","date_gmt":"2020-06-16T16:22:24","guid":{"rendered":"http:\/\/geofflevitus.com\/?page_id=1359"},"modified":"2023-09-19T14:15:16","modified_gmt":"2023-09-19T13:15:16","slug":"cv","status":"publish","type":"page","link":"https:\/\/geofflevitus.com\/index.php\/cv\/","title":{"rendered":"CV"},"content":{"rendered":"<p>[et_pb_section fb_built=&#8221;1&#8243; _builder_version=&#8221;4.4.8&#8243; background_color=&#8221;#d1d1d1&#8243; custom_margin=&#8221;0px||0px||false|false&#8221; custom_padding=&#8221;0px||0px||false|false&#8221;][et_pb_row _builder_version=&#8221;4.4.8&#8243;][et_pb_column type=&#8221;4_4&#8243; _builder_version=&#8221;4.4.8&#8243;][et_pb_text _builder_version=&#8221;4.4.8&#8243; text_font=&#8221;Arial|700|||||||&#8221; text_font_size=&#8221;32px&#8221; header_font=&#8221;Arial||||||||&#8221; header_font_size=&#8221;94px&#8221; header_letter_spacing=&#8221;5px&#8221; background_color=&#8221;#d1d1d1&#8243; header_font_size_tablet=&#8221;&#8221; header_font_size_phone=&#8221;70px&#8221; header_font_size_last_edited=&#8221;on|phone&#8221; text_text_shadow_style=&#8221;preset1&#8243; text_text_shadow_blur_strength=&#8221;0.11em&#8221; text_text_shadow_color=&#8221;#727272&#8243;]<\/p>\n<h1 style=\"text-align: left;\"><strong>Geoff Levitus<\/strong><\/h1>\n<p>[\/et_pb_text][\/et_pb_column][\/et_pb_row][\/et_pb_section][et_pb_section fb_built=&#8221;1&#8243; _builder_version=&#8221;4.4.8&#8243; background_color=&#8221;#d6d6d6&#8243; custom_margin=&#8221;0px||0px||false|false&#8221; custom_padding=&#8221;0px||0px||false|false&#8221;][et_pb_row _builder_version=&#8221;4.4.8&#8243;][et_pb_column type=&#8221;4_4&#8243; _builder_version=&#8221;4.4.8&#8243;][et_pb_text _builder_version=&#8221;4.4.8&#8243; text_font=&#8221;Arial|700|||||||&#8221; text_font_size=&#8221;26px&#8221; background_color=&#8221;#d6d6d6&#8243;]<\/p>\n<p style=\"text-align: right;\">CV<\/p>\n<p>[\/et_pb_text][\/et_pb_column][\/et_pb_row][\/et_pb_section][et_pb_section fb_built=&#8221;1&#8243; _builder_version=&#8221;4.4.8&#8243; background_color=&#8221;#d6d6d6&#8243; custom_margin=&#8221;0px||||false|false&#8221; custom_padding=&#8221;0px||||false|false&#8221;][et_pb_row _builder_version=&#8221;4.4.8&#8243; custom_margin=&#8221;0px||||false|false&#8221; custom_padding=&#8221;0px||||false|false&#8221;][et_pb_column type=&#8221;4_4&#8243; _builder_version=&#8221;4.4.8&#8243;][et_pb_text _builder_version=&#8221;4.4.8&#8243; text_line_height=&#8221;1em&#8221;]<\/p>\n<p><strong><\/strong><\/p>\n<p><strong>Qualifications.<\/strong><\/p>\n<p>Bachelor of Arts (BA), University of Sydney.<\/p>\n<p>Bachelor of Law (LLB), University of Sydney).<\/p>\n<p>Master of Visual Arts (MA &#8211; Vis Arts), City Art Institute, now UNSW Art &amp; Design.<\/p>\n<p>&nbsp;<\/p>\n<p><strong>Solo Exhibitions.<\/strong><\/p>\n<p>2023\u00a0\u00a0\u00a0\u00a0\u00a0\u00a0\u00a0 &#8216;En qu\u00eate de r\u00e9ponses&#8217;, La Quincaillerie Galerie, Barjac, France.<\/p>\n<p>2022\u00a0 \u00a0 \u00a0 \u00a0 &#8216; Voyages dans ma t\u00eate&#8217;, Salle Joseph Monier, Saint Quentin-la-Poterie, France.\u00a0 \u00a0<\/p>\n<p>2021 \u00a0\u00a0\u00a0\u00a0\u00a0\u00a0\u00a0 &#8216;Recent sculpture&#8217;, Salle Joseph Monier, Saint Quentin-la-Poterie, France.<\/p>\n<p>2020\u00a0\u00a0\u00a0\u00a0\u00a0\u00a0\u00a0\u00a0 \u2018Nicely framed angst-ridden still lifes\u2019, Ultimo Project, Sydney.<\/p>\n<p>2019\u00a0\u00a0\u00a0\u00a0\u00a0\u00a0\u00a0\u00a0 Two videos \u2013 installation, La MiNuit Blanche, Uz\u00e8s, France<\/p>\n<p>2016\u00a0\u00a0\u00a0\u00a0\u00a0\u00a0\u00a0\u00a0 \u2018A Foreigner\u2019s Glimpse\u2019, Stanley Street Gallery, Sydney.<\/p>\n<p>2015\u00a0\u00a0\u00a0\u00a0\u00a0\u00a0\u00a0\u00a0 \u2018Boat\u2019, installation, Barim, Gwangju, South Korea.<\/p>\n<p>2015\u00a0\u00a0\u00a0\u00a0\u00a0\u00a0\u00a0\u00a0 \u2018Four Videos\u2019, satellite event of Ooasa Art Festival, Kitahioshima-chou, Japan.<\/p>\n<p>2014\u00a0\u00a0\u00a0\u00a0\u00a0\u00a0\u00a0\u00a0 \u2018Five Videos\u2019, Ultimo Project Space, Sydney.<\/p>\n<p>2011\u00a0\u00a0\u00a0\u00a0\u00a0\u00a0\u00a0\u00a0 \u2018Forest of Memories\u2019, installation with Kristine McCarroll, Newspace Arts Foundation, Hue, Vietnam.<\/p>\n<p>2009\u00a0\u00a0\u00a0\u00a0\u00a0\u00a0\u00a0\u00a0 &#8216;Fragmentary Travels&#8217;, Galerie Marie-Laure de l&#8217;Ecotais, Paris.<\/p>\n<p>2007\u00a0\u00a0\u00a0\u00a0\u00a0\u00a0\u00a0\u00a0 &#8216;Varese to Hanoi&#8217;, The Depot Gallery, Sydney.<\/p>\n<p>\u00a0\u00a0\u00a0\u00a0\u00a0\u00a0\u00a0\u00a0\u00a0\u00a0\u00a0\u00a0\u00a0\u00a0\u00a0\u00a0\u00a0 \u2018Recent Work\u2019, Galerie Marie-Laure de l&#8217;Ecotais, Paris.<\/p>\n<p>2004\u00a0\u00a0\u00a0\u00a0\u00a0\u00a0\u00a0\u00a0 \u2018Evoke\u2019, Mary Place Gallery, Sydney.<\/p>\n<p>\u00a0\u00a0\u00a0\u00a0\u00a0\u00a0\u00a0\u00a0\u00a0\u00a0\u00a0\u00a0\u00a0\u00a0\u00a0\u00a0\u00a0 \u2018The New England Suite\u2019, NERAM<\/p>\n<p>2003\u00a0\u00a0\u00a0\u00a0\u00a0\u00a0\u00a0\u00a0 \u2018Island, Floating\u2019, Alliance Francaise, Sydney.<\/p>\n<p>\u00a0\u00a0\u00a0\u00a0\u00a0\u00a0\u00a0\u00a0\u00a0\u00a0\u00a0\u00a0\u00a0\u00a0\u00a0\u00a0\u00a0 \u2018Mirage\u2019, John Miller Gallery, Newcastle.<\/p>\n<p>2002\u00a0\u00a0\u00a0\u00a0\u00a0\u00a0\u00a0\u00a0 \u2018Decadent Voyage\u2019, Cite Internationale des Arts, Paris.<\/p>\n<p>\u00a0\u00a0\u00a0\u00a0\u00a0\u00a0\u00a0\u00a0\u00a0\u00a0\u00a0\u00a0\u00a0\u00a0\u00a0\u00a0\u00a0 \u2018Ile Seguin and other things\u2019, Galerie Etienne de Causans, Paris.<\/p>\n<p>2001\u00a0\u00a0\u00a0\u00a0\u00a0\u00a0\u00a0\u00a0 \u2018Transitions\u2019, Grafton Regional Gallery<\/p>\n<p>\u00a0\u00a0\u00a0\u00a0\u00a0\u00a0\u00a0\u00a0\u00a0\u00a0\u00a0\u00a0\u00a0\u00a0\u00a0\u00a0\u00a0 \u2018A Deep Well of Memory\u2019 (with Paul Miller), Manly Art Gallery &amp; Museum.<\/p>\n<p>2000\u00a0\u00a0\u00a0\u00a0\u00a0\u00a0\u00a0\u00a0 \u2018Place to Place\u2019, Orange Regional Gallery<\/p>\n<p>1999\u00a0\u00a0\u00a0\u00a0\u00a0\u00a0\u00a0\u00a0 \u2018Recent Sculpture\u2019, New England Regional Art Museum (NERAM).<\/p>\n<p>1998\u00a0\u00a0\u00a0\u00a0\u00a0\u00a0\u00a0\u00a0 \u2018Out of Place VII\u2019, Tin Sheds Gallery.<\/p>\n<p>1994\u00a0\u00a0\u00a0\u00a0\u00a0\u00a0\u00a0\u00a0 \u2018Out of Place VI\u2019, Armidale Art Museum.<\/p>\n<p>\u00a0\u00a0\u00a0\u00a0\u00a0\u00a0\u00a0\u00a0\u00a0\u00a0\u00a0\u00a0\u00a0\u00a0\u00a0\u00a0\u00a0 \u2018Out of Place VI\u2019, University of Southern Queensland Contemporary Art Gallery, Toowoomba.<\/p>\n<p>1993\u00a0\u00a0\u00a0\u00a0\u00a0\u00a0\u00a0\u00a0 \u2018Out of Place IV; Two Journeys\u2019, University of New England Contemporary Art Gallery<\/p>\n<p>\u00a0\u00a0\u00a0\u00a0\u00a0\u00a0\u00a0\u00a0\u00a0\u00a0\u00a0\u00a0\u00a0\u00a0\u00a0\u00a0\u00a0 \u2018Out of Place V\u2019, Victor Mace Gallery, Brisbane.<\/p>\n<p>1992\u00a0\u00a0\u00a0\u00a0\u00a0\u00a0\u00a0\u00a0 \u2018Out of Place II\u2019, James Harvey Gallery, Sydney.<\/p>\n<p>1992\u00a0\u00a0\u00a0\u00a0\u00a0\u00a0\u00a0\u00a0 \u2018Out of Place III\u2019, Ben Grady Gallery, Canberra.<\/p>\n<p>1992\u00a0\u00a0\u00a0\u00a0\u00a0\u00a0\u00a0\u00a0 \u2018Paradise Lost Again\u2019, Grafton Regional Gallery.<\/p>\n<p>1989\u00a0\u00a0\u00a0\u00a0\u00a0\u00a0\u00a0\u00a0 \u2018Politics of the Interior\u2019, Lismore Regional Art Gallery (LRAG)..<\/p>\n<p>1988\u00a0\u00a0\u00a0\u00a0\u00a0\u00a0\u00a0\u00a0 \u2018Out of Place\u2019, Ivan Dougherty Gallery, Sydney.<\/p>\n<p>1986 \u00a0\u00a0\u00a0\u00a0\u00a0\u00a0\u00a0 \u2018Persona Non Grata\u2019, Lismore Regional Art Gallery (LRAG).<\/p>\n<p>1985\u00a0\u00a0\u00a0\u00a0\u00a0\u00a0\u00a0\u00a0 \u2018Objects of Worship and Other Things\u2019, Hogarth Galleries, Sydney.<\/p>\n<p>1983\u00a0\u00a0\u00a0\u00a0\u00a0\u00a0\u00a0\u00a0 Hogarth Galleries, Sydney.<\/p>\n<p>&nbsp;<\/p>\n<p><strong>Selected Group Exhibitions.<\/strong><\/p>\n<p>2020\u00a0\u00a0\u00a0\u00a0\u00a0\u00a0\u00a0 &#8216;Promesses&#8217;, video installation,\u00a0 Ancien Ev\u00each\u00e9, Uz\u00e8s, France<\/p>\n<p>2016\u00a0\u00a0\u00a0\u00a0\u00a0\u00a0\u00a0\u00a0 \u2018Making it UP\u2019, Ultimo Project Space.<\/p>\n<p>2015\u00a0\u00a0\u00a0\u00a0\u00a0\u00a0\u00a0\u00a0 Gwangju International Contemporary Art Exhibition, Gwangju Biennale Exhibition Hall, South Korea.<\/p>\n<p>2014\u00a0\u00a0\u00a0\u00a0\u00a0\u00a0\u00a0\u00a0 \u2018One Metre Max\u2019, Ultimo Project Space.<\/p>\n<p>\u00a0\u00a0\u00a0\u00a0\u00a0\u00a0\u00a0\u00a0\u00a0\u00a0\u00a0\u00a0\u00a0\u00a0\u00a0\u00a0\u00a0 \u2018Juxtapositions\u2019, video installation, Seventh Gallery, Melbourne.<\/p>\n<p>2013\u00a0\u00a0\u00a0\u00a0\u00a0\u00a0\u00a0\u00a0 \u2018Juxtapositions\u2019 with Kristine McCarroll and DocLab, Hanoi artists, video installation, Hanoi, Vietnam.<\/p>\n<p>2011\u00a0\u00a0\u00a0\u00a0\u00a0\u00a0\u00a0\u00a0 \u2018Dream Nation \u2013 Personal meets Political\u2019, Ultimo Project Space.<\/p>\n<p>2010\u00a0\u00a0\u00a0\u00a0\u00a0\u00a0\u00a0\u00a0 \u2018Art Upstairs\u2019, Orange Regional Gallery;<\/p>\n<p>\u2018\u00a0\u00a0\u00a0\u00a0\u00a0\u00a0\u00a0\u00a0\u00a0\u00a0\u00a0\u00a0\u00a0\u00a0\u00a0\u00a0 &#8216;Clouding the Issue\u2019, Ultimo Project Space.<\/p>\n<p>2009\u00a0\u00a0\u00a0\u00a0\u00a0\u00a0\u00a0\u00a0 \u2018Salon Show\u2019, Ultimo Project Space, Sydney.<\/p>\n<p>\u00a0\u00a0\u00a0\u00a0\u00a0\u00a0\u00a0\u00a0\u00a0\u00a0\u00a0\u00a0\u00a0\u00a0\u00a0\u00a0\u00a0 \u2018Controversy and Acclaim&#8217;, Mosman City Gallery, Sydney.<\/p>\n<p>2008\u00a0\u00a0\u00a0\u00a0\u00a0\u00a0\u00a0\u00a0 Galerie Marie-Laure de l&#8217;Ecotais, Paris.<\/p>\n<p>2007\u00a0\u00a0\u00a0\u00a0\u00a0\u00a0\u00a0\u00a0 Art House Gallery, Sydney<\/p>\n<p>2006\u00a0\u00a0\u00a0\u00a0\u00a0\u00a0\u00a0\u00a0 &#8216;Twenty\/20 Vision&#8217;, NSW Parliament House.<\/p>\n<p>\u00a0\u00a0\u00a0\u00a0\u00a0\u00a0\u00a0\u00a0\u00a0\u00a0\u00a0\u00a0\u00a0\u00a0\u00a0\u00a0\u00a0 &#8216;Philanthropy Rules OK&#8217;, Orange Regional Gallery.<\/p>\n<p>2005\u00a0\u00a0\u00a0\u00a0\u00a0\u00a0\u00a0\u00a0 &#8216;Watermarks&#8217;, Orange Regional Gallery.<\/p>\n<p>2004\u00a0\u00a0\u00a0\u00a0\u00a0\u00a0\u00a0\u00a0 Keevil at Shapiro Galleries, Sydney.<\/p>\n<p>2003\u00a0\u00a0\u00a0\u00a0\u00a0\u00a0\u00a0\u00a0 \u2018Love Your Work\u2019, Muse Gallery Ultimo;<\/p>\n<p>\u00a0\u00a0\u00a0\u00a0\u00a0\u00a0\u00a0\u00a0\u00a0\u00a0\u00a0\u00a0\u00a0\u00a0\u00a0\u00a0 \u2018fifty\/50\u2019, New England Regional Art Museum, Armidale;<\/p>\n<p>\u00a0\u00a0\u00a0\u00a0\u00a0\u00a0\u00a0\u00a0\u00a0\u00a0\u00a0\u00a0\u00a0\u00a0\u00a0\u00a0 \u2018Peace\u2019, Manly Art Gallery &amp; touring.<\/p>\n<p>2002\u00a0\u00a0\u00a0\u00a0\u00a0\u00a0\u00a0\u00a0 Blake Prize, SH Erwin Gallery, Sydney<\/p>\n<p>1999\u00a0\u00a0\u00a0\u00a0\u00a0\u00a0\u00a0\u00a0 \u2019Jacaranda Drawing Award\u2019, Grafton Regional Gallery &amp; touring.<\/p>\n<p>\u00a0\u00a0\u00a0\u00a0\u00a0\u00a0\u00a0\u00a0\u00a0\u00a0\u00a0\u00a0\u00a0\u00a0\u00a0\u00a0\u00a0 \u2018Sculpture by the Sea\u2019, Sydney<\/p>\n<p>1998\u00a0\u00a0\u00a0\u00a0\u00a0\u00a0\u00a0\u00a0 \u201869 Sculptors\u2019, King St\u00a0 &amp; Defiance Gallery.<\/p>\n<p>1997\u00a0\u00a0\u00a0\u00a0\u00a0\u00a0\u00a0\u00a0 \u2018Landmarks &#8211; Contemporary Visions of the Australian Landscape\u2019, Campbelltown City Art Gallery<\/p>\n<p>1995\u00a0\u00a0\u00a0\u00a0\u00a0\u00a0\u00a0\u00a0 \u2018Raise the Roof\u2019\u2019, Tin Sheds Gallery, University of Sydney.<\/p>\n<p>1994\u00a0\u00a0\u00a0\u00a0\u00a0\u00a0\u00a0\u00a0 \u2018fifty\/50\u2019, Armidale Art Museum.<\/p>\n<p>1991\u00a0\u00a0\u00a0\u00a0\u00a0\u00a0\u00a0\u00a0 \u2018The Doors\u2019, Gold Coast City Gallery.<\/p>\n<p>1990\u00a0\u00a0\u00a0\u00a0\u00a0\u00a0\u00a0\u00a0 \u2018New Art 1990\u2019, Bonython-Meadmore Gallery (BMG), Sydney.<\/p>\n<p>1989\u00a0\u00a0\u00a0\u00a0\u00a0\u00a0\u00a0\u00a0 \u2018New Art 1989\u2019, BMG, Adelaide.<\/p>\n<p>\u00a0\u00a0\u00a0\u00a0\u00a0\u00a0\u00a0\u00a0\u00a0\u00a0\u00a0\u00a0\u00a0\u00a0\u00a0\u00a0\u00a0 \u2018Drawing the Line\u2019, Tweed River Regional Gallery.<\/p>\n<p>1988\u00a0\u00a0\u00a0\u00a0\u00a0\u00a0\u00a0\u00a0 Bonython-Meadmore Gallery (BMG), Sydney;<\/p>\n<p>\u00a0\u00a0\u00a0\u00a0\u00a0\u00a0\u00a0\u00a0\u00a0\u00a0\u00a0\u00a0\u00a0\u00a0\u00a0\u00a0 \u2018Landmarks\u2019, Lismore Regional Art Gallery.<\/p>\n<p>1987\u00a0\u00a0\u00a0\u00a0\u00a0\u00a0\u00a0\u00a0 Ivan Dougherty Gallery, Sydney.<\/p>\n<p>\u00a0\u00a0\u00a0\u00a0\u00a0\u00a0\u00a0\u00a0\u00a0\u00a0\u00a0\u00a0\u00a0\u00a0\u00a0\u00a0\u00a0 Sulman Prize, Art Gallery of NSW<\/p>\n<p>1986\u00a0\u00a0\u00a0\u00a0\u00a0\u00a0\u00a0\u00a0 \u2018Interior Landscapes\u2019, Grafton Regional Gallery.<\/p>\n<p>1984\u00a0\u00a0\u00a0\u00a0\u00a0\u00a0\u00a0\u00a0 Solander Galleries, Canberra.<\/p>\n<p>1983\u00a0\u00a0\u00a0\u00a0\u00a0\u00a0\u00a0\u00a0 Sulman Prize, Art Gallery of NSW<\/p>\n<p>1982 &#8211; 84 Hogarth Galleries, Sydney.<\/p>\n<p>&nbsp;<\/p>\n<p><strong>Residencies and Awards <\/strong><\/p>\n<p>2017\u00a0\u00a0\u00a0\u00a0\u00a0\u00a0\u00a0\u00a0 Residency, Left Bank, Phnom Penh, Cambodia.<\/p>\n<p>2015\u00a0\u00a0\u00a0\u00a0\u00a0\u00a0\u00a0\u00a0 Residency, Chula, Hoi An, Vietnam.<\/p>\n<p>2015\u00a0\u00a0\u00a0\u00a0\u00a0\u00a0\u00a0\u00a0 Residency, Barim, Gwangju, South Korea.<\/p>\n<p>2013\u00a0\u00a0\u00a0\u00a0\u00a0\u00a0\u00a0\u00a0 Artist-in-residence, Trinity Grammar School, Sydney.<\/p>\n<p>2012-13\u00a0\u00a0 Residency\/workshop, DocLab, Hanoi, Vietnam<\/p>\n<p>2011\u00a0\u00a0\u00a0\u00a0\u00a0\u00a0\u00a0\u00a0 Residency, Newspace Arts Foundation, Hue, Vietnam.<\/p>\n<p>2005, 2007, 2009\u00a0\u00a0 Cite Internationale des Arts, Paris.<\/p>\n<p>2003\u00a0\u00a0\u00a0\u00a0\u00a0\u00a0\u00a0\u00a0 Studio Residency, New England Regional Art Museum, Armidale.<\/p>\n<p>2002\u00a0\u00a0\u00a0\u00a0\u00a0\u00a0\u00a0\u00a0 Power Studio, Cite Internationale des Arts, Paris.<\/p>\n<p>1991\u00a0\u00a0\u00a0\u00a0\u00a0\u00a0\u00a0\u00a0 North Coast National Art Prize<\/p>\n<p>\u00a0\u00a0\u00a0\u00a0\u00a0\u00a0\u00a0\u00a0\u00a0\u00a0\u00a0\u00a0\u00a0\u00a0\u00a0\u00a0\u00a0 Jacaranda Drawing Prize<\/p>\n<p>1990\u00a0\u00a0\u00a0\u00a0\u00a0\u00a0\u00a0\u00a0 Trinity Art Prize<\/p>\n<p>1990\u00a0\u00a0\u00a0\u00a0\u00a0\u00a0\u00a0\u00a0 Southern Cross Art Prize<\/p>\n<p>1989\u00a0\u00a0\u00a0\u00a0\u00a0\u00a0\u00a0\u00a0 Jacaranda Art Prize<\/p>\n<p>1985\u00a0\u00a0\u00a0\u00a0\u00a0\u00a0\u00a0\u00a0 Mosman Art Prize<\/p>\n<p>1985\u00a0\u00a0\u00a0\u00a0\u00a0\u00a0\u00a0\u00a0 Macquarie Ports Art Prize<\/p>\n<p>&nbsp;<\/p>\n<p><strong>Collections. <\/strong><\/p>\n<p>Trinity Grammar School Sydney, Mosman Shire Council, Windsor Shire Council, Trinity Catholic College, Grafton<\/p>\n<p>Regional Gallery, Lismore Regional Art Gallery, Southern Cross University, Artbank, Canberra University, Westfield<\/p>\n<p>Collection, Kim Bonython Collection, New England Regional Art Museum, University of Sydney, Orange Regional Gallery.<\/p>\n<p>&nbsp;<\/p>\n<p><strong>Citations.<\/strong><\/p>\n<p>Benjamin Alan, &#8216;Uncovering the layers of meaning&#8217;, introductory essay for book &#8216;Geoff Levitus, Sculpture 2019-21, August 2020.<\/p>\n<p>\u2019Geoff Levitus, A Foreigner\u2019s Glimpse\u2019, catalogue essay by Therese Kenyon,16 June 2016<\/p>\n<p>Geoff Levitus, A Foreigner\u2019s Glimpse\u2019, Artist Profile online review, 7 July 2016.<\/p>\n<p>\u2018Traveller glimpses behind the surface\u2019, Inner West Courier, 12 July 2016.<\/p>\n<p>Eastside Radio interview at <a href=\"http:\/\/eastsidefm.org\/artsfriday\/\">http:\/\/eastsidefm.org\/artsfriday\/<\/a> beginning at 29.40, 22 July 2016.<\/p>\n<p>\u2019International Artists Showcase\u2019, in Barim Archive 2015, published by Barim, Gwangju, South Korea, 2015.<\/p>\n<p>Van Than, Tuoi Tre (Hue Newspaper) 5 April 2011.<\/p>\n<p>Bich Ngoc, \u2018Fruit of the Forest\u2019, Time Out, Hanoi, p.12, 11-17 April, 2011.<\/p>\n<p>La Gazette de l&#8217;Hotel Drouot, France, March 2009.<\/p>\n<p>Alan Benjamin, &#8216;Seduction and Critique&#8217; in &#8216;Fragmentary Travels&#8217;, Hanoi 2008.<\/p>\n<p>La Gazette de l&#8217;Hotel Drouot, France, No. 36, Octobre 2007.<\/p>\n<p>Arts Gazette Internationale, France No. 564, November 2007.<\/p>\n<p>Alan Sisley, &#8216;Geoff Levitus, The Ephemeral&#8217;, 2006.<\/p>\n<p>Art Almanac, March 2006.<\/p>\n<p>SBS Radio interview for \u2018Island, Floating\u2019, 4 Feb 2003.<\/p>\n<p>\u2018Recollection\u2019, Grafton, Lismore &amp; Tweed River Regional Galleries, 2003.<\/p>\n<p>Alan Sisley, \u2018A Deep Well of Memory\u2019, Manly Art Gallery &amp; Museum, August 2001<\/p>\n<p>Alan Sisley, \u2018Images of Dislocation and Transience\u2019, cat. essay for \u2018Transitions\u2019, Grafton RG, May 2001.<\/p>\n<p>[\/et_pb_text][\/et_pb_column][\/et_pb_row][\/et_pb_section]<\/p>\n","protected":false},"excerpt":{"rendered":"<p>[et_pb_section fb_built=&#8221;1&#8243; _builder_version=&#8221;4.4.8&#8243; background_color=&#8221;#d1d1d1&#8243; custom_margin=&#8221;0px||0px||false|false&#8221; custom_padding=&#8221;0px||0px||false|false&#8221;][et_pb_row _builder_version=&#8221;4.4.8&#8243;][et_pb_column type=&#8221;4_4&#8243; _builder_version=&#8221;4.4.8&#8243;][et_pb_text _builder_version=&#8221;4.4.8&#8243; text_font=&#8221;Arial|700|||||||&#8221; text_font_size=&#8221;32px&#8221; header_font=&#8221;Arial||||||||&#8221; header_font_size=&#8221;94px&#8221; header_letter_spacing=&#8221;5px&#8221; background_color=&#8221;#d1d1d1&#8243; header_font_size_tablet=&#8221;&#8221; header_font_size_phone=&#8221;70px&#8221; header_font_size_last_edited=&#8221;on|phone&#8221; text_text_shadow_style=&#8221;preset1&#8243; text_text_shadow_blur_strength=&#8221;0.11em&#8221; text_text_shadow_color=&#8221;#727272&#8243;] Geoff Levitus [\/et_pb_text][\/et_pb_column][\/et_pb_row][\/et_pb_section][et_pb_section fb_built=&#8221;1&#8243; _builder_version=&#8221;4.4.8&#8243; background_color=&#8221;#d6d6d6&#8243; custom_margin=&#8221;0px||0px||false|false&#8221; custom_padding=&#8221;0px||0px||false|false&#8221;][et_pb_row _builder_version=&#8221;4.4.8&#8243;][et_pb_column type=&#8221;4_4&#8243; _builder_version=&#8221;4.4.8&#8243;][et_pb_text _builder_version=&#8221;4.4.8&#8243; text_font=&#8221;Arial|700|||||||&#8221; text_font_size=&#8221;26px&#8221; background_color=&#8221;#d6d6d6&#8243;] CV [\/et_pb_text][\/et_pb_column][\/et_pb_row][\/et_pb_section][et_pb_section fb_built=&#8221;1&#8243; _builder_version=&#8221;4.4.8&#8243; background_color=&#8221;#d6d6d6&#8243; custom_margin=&#8221;0px||||false|false&#8221; custom_padding=&#8221;0px||||false|false&#8221;][et_pb_row _builder_version=&#8221;4.4.8&#8243; custom_margin=&#8221;0px||||false|false&#8221; custom_padding=&#8221;0px||||false|false&#8221;][et_pb_column type=&#8221;4_4&#8243; _builder_version=&#8221;4.4.8&#8243;][et_pb_text _builder_version=&#8221;4.4.8&#8243; text_line_height=&#8221;1em&#8221;] Qualifications. Bachelor of Arts [&hellip;]<\/p>\n","protected":false},"author":1,"featured_media":0,"parent":0,"menu_order":0,"comment_status":"closed","ping_status":"closed","template":"","meta":{"_et_pb_use_builder":"on","_et_pb_old_content":"","_et_gb_content_width":"","footnotes":""},"class_list":["post-1359","page","type-page","status-publish","hentry"],"_links":{"self":[{"href":"https:\/\/geofflevitus.com\/index.php\/wp-json\/wp\/v2\/pages\/1359","targetHints":{"allow":["GET"]}}],"collection":[{"href":"https:\/\/geofflevitus.com\/index.php\/wp-json\/wp\/v2\/pages"}],"about":[{"href":"https:\/\/geofflevitus.com\/index.php\/wp-json\/wp\/v2\/types\/page"}],"author":[{"embeddable":true,"href":"https:\/\/geofflevitus.com\/index.php\/wp-json\/wp\/v2\/users\/1"}],"replies":[{"embeddable":true,"href":"https:\/\/geofflevitus.com\/index.php\/wp-json\/wp\/v2\/comments?post=1359"}],"version-history":[{"count":15,"href":"https:\/\/geofflevitus.com\/index.php\/wp-json\/wp\/v2\/pages\/1359\/revisions"}],"predecessor-version":[{"id":1862,"href":"https:\/\/geofflevitus.com\/index.php\/wp-json\/wp\/v2\/pages\/1359\/revisions\/1862"}],"wp:attachment":[{"href":"https:\/\/geofflevitus.com\/index.php\/wp-json\/wp\/v2\/media?parent=1359"}],"curies":[{"name":"wp","href":"https:\/\/api.w.org\/{rel}","templated":true}]}}